{"id":9104,"date":"2021-09-14T11:59:10","date_gmt":"2021-09-14T11:59:10","guid":{"rendered":"https:\/\/evel.ee\/liikmeks-astumine\/"},"modified":"2021-11-04T09:14:18","modified_gmt":"2021-11-04T07:14:18","slug":"%d0%b2%d1%81%d1%82%d1%83%d0%bf%d0%b8%d1%82%d1%8c-%d0%b2-%d1%87%d0%bb%d0%b5%d0%bd%d1%8b-evel","status":"publish","type":"page","link":"https:\/\/evel.ee\/ru\/%d0%b2%d1%81%d1%82%d1%83%d0%bf%d0%b8%d1%82%d1%8c-%d0%b2-%d1%87%d0%bb%d0%b5%d0%bd%d1%8b-evel\/","title":{"rendered":"\u0412\u0441\u0442\u0443\u043f\u0438\u0442\u044c \u0432 \u0447\u043b\u0435\u043d\u044b EVEL"},"content":{"rendered":"\n<p class=\"wp-el\"><strong>EVEL-i liikmeks astumise avaldus on&nbsp;<\/strong><a href=\"https:\/\/evel.ee\/File\/EVEL_Liikmeks-astumise-avaldus-3.doc\" target=\"_blank\" rel=\"noreferrer noopener\"><strong>SIIN<\/strong><\/a><\/p>\n\n\n\n<p class=\"wp-el\"><strong>Eesti Vee-ettev\u00f5tete Liidu sisseastumis- ja liikmemaksu reglement on kinnitatud 10. m\u00e4rtsil 2015. a \u00fcldkoosolekul.<\/strong><\/p>\n\n\n\n<p class=\"wp-el\"><strong><a href=\"https:\/\/evel.ee\/wp-content\/uploads\/2013\/01\/Lisa-3_Liikmeks-astumise-avaldus_RU.doc\">\u0417\u0430\u044f\u0432\u043b\u0435\u043d\u0438\u0435 \u0432\u0441\u0442\u0443\u043f\u043b\u0435\u043d\u0438\u044f \u0432 \u0447\u043b\u0435\u043d\u044b EVEL.doc<\/a><\/strong><\/p>\n\n\n\n<p class=\"wp-el\">\u0420\u0435\u0433\u043b\u0430\u043c\u0435\u043d\u0442 \u0432\u0441\u0442\u0443\u043f\u0438\u0442\u0435\u043b\u044c\u043d\u043e\u0433\u043e \u0438 \u0447\u043b\u0435\u043d\u0441\u043a\u043e\u0433\u043e \u0432\u0437\u043d\u043e\u0441\u0430 \u0421\u043e\u044e\u0437\u0430 \u0432\u043e\u0434\u043d\u044b\u0445 \u043f\u0440\u0435\u0434\u043f\u0440\u0438\u044f\u0442\u0438\u0439 \u042d\u0441\u0442\u043e\u043d\u0438\u0438 \u0443\u0442\u0432\u0435\u0440\u0436\u0434\u0435\u043d \u043d\u0430 \u043e\u0431\u0449\u0435\u043c \u0441\u043e\u0431\u0440\u0430\u043d\u0438\u0438 10-\u0433\u043e \u043c\u0430\u0440\u0442\u0430 2015 \u0433.<\/p>\n\n\n\n<p class=\"wp-el\">1. \u0412\u0441\u0442\u0443\u043f\u0438\u0442\u0435\u043b\u044c\u043d\u044b\u0439 \u0432\u0437\u043d\u043e\u0441 \u2013 320 \u0435\u0432\u0440\u043e.<\/p>\n\n\n\n<p class=\"wp-el\">2. \u0427\u043b\u0435\u043d\u0441\u043a\u0438\u0439 \u0432\u0437\u043d\u043e\u0441 EVEL \u0440\u0430\u0441\u0441\u0447\u0438\u0442\u044b\u0432\u0430\u0435\u0442\u0441\u044f \u043d\u0430 \u043f\u043e\u043b\u0433\u043e\u0434\u0430. \u0420\u0430\u0441\u0447\u0435\u0442 \u0447\u043b\u0435\u043d\u0441\u043a\u043e\u0433\u043e \u0432\u0437\u043d\u043e\u0441\u0430 \u043f\u0440\u043e\u0438\u0437\u0432\u043e\u0434\u0438\u0442\u0441\u044f \u0441\u043b\u0435\u0434\u0443\u044e\u0449\u0438\u043c \u043e\u0431\u0440\u0430\u0437\u043e\u043c:<\/p>\n\n\n\n<p class=\"wp-el\">1) \u0434\u043b\u044f \u0432\u043e\u0434\u043d\u044b\u0445 \u043f\u0440\u0435\u0434\u043f\u0440\u0438\u044f\u0442\u0438\u0439 \u0441\u043e\u043e\u0442\u0432\u0435\u0442\u0441\u0442\u0432\u0435\u043d\u043d\u043e:<\/p>\n\n\n\n<p class=\"wp-el\">&nbsp; M = k (63.91xLN (A) +A\/10000-463.34)<\/p>\n\n\n\n<p class=\"wp-el\">&nbsp; \u0433\u0434\u0435 : M \u2013 \u0447\u043b\u0435\u043d\u0441\u043a\u0438\u0439 \u0432\u0437\u043d\u043e\u0441 \u0437\u0430 \u043f\u043e\u043b\u0433\u043e\u0434\u0430 (EUR)<\/p>\n\n\n\n<p class=\"wp-el\">&nbsp; k \u2013 \u043a\u043e\u044d\u0444\u0444\u0438\u0446\u0438\u0435\u043d\u0442, \u043a\u043e\u0442\u043e\u0440\u044b\u0439 \u0443\u0441\u0442\u0430\u043d\u0430\u0432\u043b\u0438\u0432\u0430\u0435\u0442\u0441\u044f \u0434\u043b\u044f \u0432\u043e\u0434\u043d\u043e\u0433\u043e \u043f\u0440\u0435\u0434\u043f\u0440\u0438\u044f\u0442\u0438\u044f \u0440\u0435\u0448\u0435\u043d\u0438\u0435\u043c \u043e\u0431\u0449\u0435\u0433\u043e \u0441\u043e\u0431\u0440\u0430\u043d\u0438\u044f<\/p>\n\n\n\n<p class=\"wp-el\">&nbsp; (\u0440\u0435\u0448\u0435\u043d\u0438\u0435\u043c \u043e\u0431\u0449\u0435\u0433\u043e \u0441\u043e\u0431\u0440\u0430\u043d\u0438\u044f \u043e\u0442 10.03.2015 \u0443\u0441\u0442\u0430\u043d\u043e\u0432\u043b\u0435\u043d \u043a\u043e\u044d\u0444\u0444\u0438\u0446\u0438\u0435\u043d\u0442 3,12)<\/p>\n\n\n\n<p class=\"wp-el\">&nbsp; A \u2013 \u043d\u0435\u0442\u0442\u043e-\u043e\u0431\u043e\u0440\u043e\u0442 \u0443\u0441\u043b\u0443\u0433 \u0432\u043e\u0434\u043e\u0441\u043d\u0430\u0431\u0436\u0435\u043d\u0438\u044f \u0438 \u043e\u0442\u0432\u043e\u0434\u0430 \u0441\u0442\u043e\u0447\u043d\u044b\u0445 \u0432\u043e\u0434 \u0437\u0430 \u043f\u0440\u0435\u0434\u044b\u0434\u0443\u0449\u0438\u0435 \u0443\u0447\u0435\u0442\u043d\u043e\u043c\u0443 \u043f\u0435\u0440\u0438\u043e\u0434\u0443 \u043f\u043e\u043b\u0433\u043e\u0434\u0430 (EUR);<\/p>\n\n\n\n<p class=\"wp-el\">2) \u0447\u043b\u0435\u043d\u0441\u043a\u0438\u0439 \u0432\u0437\u043d\u043e\u0441 \u0437\u0430 \u043f\u043e\u043b\u0433\u043e\u0434\u0430 \u043d\u0435 \u0434\u043e\u043b\u0436\u0435\u043d \u043f\u0440\u0435\u0432\u044b\u0448\u0430\u0442\u044c 1,0% \u043d\u0435\u0442\u0442\u043e-\u043e\u0431\u043e\u0440\u043e\u0442\u0430;<\/p>\n\n\n\n<p class=\"wp-el\">3) \u0447\u043b\u0435\u043d\u0441\u043a\u0438\u0439 \u0432\u0437\u043d\u043e\u0441 \u0437\u0430 \u0446\u0435\u043b\u044b\u0439 \u0433\u043e\u0434 AS Tallinna Vesi \u043f\u043e \u0434\u043e\u0433\u043e\u0432\u043e\u0440\u0435\u043d\u043d\u043e\u0441\u0442\u0438 \u0441\u043e\u0441\u0442\u0430\u0432\u043b\u044f\u0435\u0442 13&nbsp;527 \u0435\u0432\u0440\u043e;<\/p>\n\n\n\n<p class=\"wp-el\">4) \u0434\u043b\u044f \u0434\u0440\u0443\u0433\u0438\u0445 \u0447\u043b\u0435\u043d\u043e\u0432 \u2013 1054&nbsp;\u0435\u0432\u0440\u043e.<\/p>\n\n\n\n<p class=\"wp-el\">3. \u0412\u043e\u0437\u043c\u043e\u0436\u043d\u043e \u0442\u0430\u043a\u0436\u0435 \u0437\u0430\u043f\u043b\u0430\u0442\u0438\u0442\u044c \u0441\u0440\u0430\u0437\u0443 \u0433\u043e\u0434\u043e\u0432\u043e\u0439 \u0447\u043b\u0435\u043d\u0441\u043a\u0438\u0439 \u0432\u0437\u043d\u043e\u0441.<\/p>\n\n\n\n<p class=\"wp-el\">4. \u0412 \u0441\u043b\u0443\u0447\u0430\u0435 \u043d\u0435\u0432\u044b\u043f\u043b\u0430\u0442\u044b \u0447\u043b\u0435\u043d\u0441\u043a\u043e\u0433\u043e \u0432\u0437\u043d\u043e\u0441\u0430 \u0432 \u0442\u0435\u0447\u0435\u043d\u0438\u0435 \u043e\u0434\u043d\u043e\u0433\u043e \u043a\u0430\u043b\u0435\u043d\u0434\u0430\u0440\u043d\u043e\u0433\u043e \u043c\u0435\u0441\u044f\u0446\u0430 \u043f\u043e\u0441\u043b\u0435 \u0432\u044b\u0441\u0442\u0430\u0432\u043b\u0435\u043d\u0438\u044f \u0441\u0447\u0435\u0442\u0430 \u043e\u043a\u0430\u0437\u0430\u043d\u0438\u0435 \u0443\u0441\u043b\u0443\u0433 \u0434\u043e\u043b\u0436\u043d\u0438\u043a\u0430\u043c \u043f\u0440\u0435\u043a\u0440\u0430\u0449\u0430\u0435\u0442\u0441\u044f.<\/p>\n\n\n\n<p class=\"wp-el\">5. \u0412 \u0441\u043b\u0443\u0447\u0430\u0435 \u0432\u044b\u0445\u043e\u0434\u0430 \u0438\u0437 \u0447\u043b\u0435\u043d\u0441\u0442\u0432\u0430 \u0432 \u0442\u0435\u0447\u0435\u043d\u0438\u0435 \u0443\u0447\u0435\u0442\u043d\u043e\u0433\u043e \u043f\u0435\u0440\u0438\u043e\u0434\u0430 \u0432\u044b\u043f\u043b\u0430\u0447\u0435\u043d\u043d\u044b\u0435 \u0432\u0441\u0442\u0443\u043f\u0438\u0442\u0435\u043b\u044c\u043d\u044b\u0439 \u0438 \u0447\u043b\u0435\u043d\u0441\u043a\u0438\u0439 \u0432\u0437\u043d\u043e\u0441\u044b \u043d\u0435 \u0432\u043e\u0437\u0432\u0440\u0430\u0449\u0430\u044e\u0442\u0441\u044f.<\/p>\n","protected":false},"excerpt":{"rendered":"<p>EVEL-i liikmeks astumise avaldus on&nbsp;SIIN Eesti Vee-ettev\u00f5tete Liidu sisseastumis- ja liikmemaksu reglement on kinnitatud 10. m\u00e4rtsil 2015. a \u00fcldkoosolekul. \u0417\u0430\u044f\u0432\u043b\u0435\u043d\u0438\u0435 \u0432\u0441\u0442\u0443\u043f\u043b\u0435\u043d\u0438\u044f \u0432 \u0447\u043b\u0435\u043d\u044b EVEL.doc \u0420\u0435\u0433\u043b\u0430\u043c\u0435\u043d\u0442 \u0432\u0441\u0442\u0443\u043f\u0438\u0442\u0435\u043b\u044c\u043d\u043e\u0433\u043e \u0438 \u0447\u043b\u0435\u043d\u0441\u043a\u043e\u0433\u043e \u0432\u0437\u043d\u043e\u0441\u0430\u2026<\/p>\n","protected":false},"author":1,"featured_media":0,"parent":0,"menu_order":3,"comment_status":"closed","ping_status":"closed","template":"","meta":{"_acf_changed":false,"footnotes":"","_links_to":"","_links_to_target":""},"class_list":["post-9104","page","type-page","status-publish","hentry"],"acf":[],"_links":{"self":[{"href":"https:\/\/evel.ee\/ru\/wp-json\/wp\/v2\/pages\/9104","targetHints":{"allow":["GET"]}}],"collection":[{"href":"https:\/\/evel.ee\/ru\/wp-json\/wp\/v2\/pages"}],"about":[{"href":"https:\/\/evel.ee\/ru\/wp-json\/wp\/v2\/types\/page"}],"author":[{"embeddable":true,"href":"https:\/\/evel.ee\/ru\/wp-json\/wp\/v2\/users\/1"}],"replies":[{"embeddable":true,"href":"https:\/\/evel.ee\/ru\/wp-json\/wp\/v2\/comments?post=9104"}],"version-history":[{"count":2,"href":"https:\/\/evel.ee\/ru\/wp-json\/wp\/v2\/pages\/9104\/revisions"}],"predecessor-version":[{"id":9175,"href":"https:\/\/evel.ee\/ru\/wp-json\/wp\/v2\/pages\/9104\/revisions\/9175"}],"wp:attachment":[{"href":"https:\/\/evel.ee\/ru\/wp-json\/wp\/v2\/media?parent=9104"}],"curies":[{"name":"wp","href":"https:\/\/api.w.org\/{rel}","templated":true}]}}